{"id":3,"date":"2024-04-01T06:09:41","date_gmt":"2024-04-01T06:09:41","guid":{"rendered":"http:\/\/website\/?page_id=3"},"modified":"2024-04-02T17:29:10","modified_gmt":"2024-04-02T17:29:10","slug":"protectia-datelor","status":"publish","type":"page","link":"https:\/\/solversforproblems.com\/en\/protectia-datelor\/","title":{"rendered":"Data Protection"},"content":{"rendered":"<p>Data protection is achieved by implementing appropriate technical measures, according to industry standards, the protection being focused in particular against the loss, manipulation or unauthorized access to this data.&nbsp;<\/p>\n\n\n\n<p>The transmission of your personal data is done using encryption algorithms stored on secure servers.<\/p>\n\n\n\n<p class=\" translation-block\">The computer systems and software applications used for the operation of the Platform generally obtain some Personal Data (so-called \"<em>log files<\/em>\"), the transmission of which is implicit in the use of Internet communication protocols.<\/p>\n\n\n\n<p>This information is not collected to be associated with identified persons, but due to its nature, it may allow, through processing and integration with certain data stored by third parties, the identification of users. This information includes IP addresses, the time of the request, the method used to send the request to the server, the size of the file obtained in the response, as well as other parameters related to the user's operating system.<\/p>\n\n\n\n<p><strong>Rights of website visitors:<\/strong><\/p>\n\n\n\n<ul>\n<li>The right of access to information related to the personal data we hold about you, and if applicable to whom this data is disclosed, based on an express request;<\/li>\n\n\n\n<li>The right to update your personal data provided to the site;<\/li>\n\n\n\n<li>The right to rectify your data provided to the site;<\/li>\n\n\n\n<li>The right to restrict the processing of your personal data;<\/li>\n\n\n\n<li>The right to delete the personal data we process about you, except in cases where the data is necessary: for the exercise of the right to freedom of expression and information; to exercise or defend legal claims; to comply with a legal obligation we have;<\/li>\n\n\n\n<li>The right to file a complaint if you have any dissatisfaction with the way your personal data is processed.<\/li>\n<\/ul>","protected":false},"excerpt":{"rendered":"<p>Protejarea Datelor se realizeaz\u0103 prin implementarea unor m\u0103suri tehnice adecvate, conform standardelor industriei, protejarea fiind centrat\u0103 \u00een special \u00eempotriva pierderii, manipul\u0103rii sau accesului neautorizat la aceste date.&nbsp; Transmisia datelor dumneavoastra cu caracter personal se face folosind algoritmi de criptare stocate pe servere securizate. Sistemele informatice \u0219i aplica\u021biile software utilizate pentru func\u021bionarea Platformei ob\u021bin, \u00een mod [&hellip;]<\/p>","protected":false},"author":1,"featured_media":0,"parent":0,"menu_order":0,"comment_status":"closed","ping_status":"open","template":"","meta":{"footnotes":""},"_links":{"self":[{"href":"https:\/\/solversforproblems.com\/en\/wp-json\/wp\/v2\/pages\/3"}],"collection":[{"href":"https:\/\/solversforproblems.com\/en\/wp-json\/wp\/v2\/pages"}],"about":[{"href":"https:\/\/solversforproblems.com\/en\/wp-json\/wp\/v2\/types\/page"}],"author":[{"embeddable":true,"href":"https:\/\/solversforproblems.com\/en\/wp-json\/wp\/v2\/users\/1"}],"replies":[{"embeddable":true,"href":"https:\/\/solversforproblems.com\/en\/wp-json\/wp\/v2\/comments?post=3"}],"version-history":[{"count":2,"href":"https:\/\/solversforproblems.com\/en\/wp-json\/wp\/v2\/pages\/3\/revisions"}],"predecessor-version":[{"id":519,"href":"https:\/\/solversforproblems.com\/en\/wp-json\/wp\/v2\/pages\/3\/revisions\/519"}],"wp:attachment":[{"href":"https:\/\/solversforproblems.com\/en\/wp-json\/wp\/v2\/media?parent=3"}],"curies":[{"name":"wp","href":"https:\/\/api.w.org\/{rel}","templated":true}]}}